{"id":348,"date":"2022-06-10T15:21:46","date_gmt":"2022-06-10T14:21:46","guid":{"rendered":"https:\/\/dalosdent.hu\/?page_id=348"},"modified":"2022-08-02T15:41:59","modified_gmt":"2022-08-02T13:41:59","slug":"uzenetet-megkaptuk","status":"publish","type":"page","link":"https:\/\/dalosdent.hu\/en\/appointment\/uzenetet-megkaptuk","title":{"rendered":"\u00dczenet\u00e9t megkaptuk"},"content":{"rendered":"<div data-elementor-type=\"wp-page\" data-elementor-id=\"348\" class=\"elementor elementor-348\" data-elementor-post-type=\"page\">\n\t\t\t\t\t\t<section class=\"elementor-section elementor-top-section elementor-element elementor-element-3db7428 elementor-section-boxed elementor-section-height-default elementor-section-height-default\" data-id=\"3db7428\" data-element_type=\"section\" data-settings=\"{&quot;background_background&quot;:&quot;classic&quot;}\">\n\t\t\t\t\t\t<div class=\"elementor-container elementor-column-gap-default\">\n\t\t\t\t\t<div class=\"elementor-column elementor-col-100 elementor-top-column elementor-element elementor-element-404aa37\" data-id=\"404aa37\" data-element_type=\"column\" data-settings=\"{&quot;background_background&quot;:&quot;classic&quot;}\">\n\t\t\t<div class=\"elementor-widget-wrap elementor-element-populated\">\n\t\t\t\t\t\t<div class=\"elementor-element elementor-element-c4ae45e elementor-widget elementor-widget-heading\" data-id=\"c4ae45e\" data-element_type=\"widget\" data-widget_type=\"heading.default\">\n\t\t\t\t<div class=\"elementor-widget-container\">\n\t\t\t\t\t<h1 class=\"elementor-heading-title elementor-size-default\">\ud83d\ude42<\/h1>\t\t\t\t<\/div>\n\t\t\t\t<\/div>\n\t\t\t\t<div class=\"elementor-element elementor-element-b8182ac elementor-widget elementor-widget-heading\" data-id=\"b8182ac\" data-element_type=\"widget\" data-widget_type=\"heading.default\">\n\t\t\t\t<div class=\"elementor-widget-container\">\n\t\t\t\t\t<h1 class=\"elementor-heading-title elementor-size-default\">\u00dczeneted meg\u00e9rkezett hozz\u00e1nk!<\/h1>\t\t\t\t<\/div>\n\t\t\t\t<\/div>\n\t\t\t\t<section class=\"elementor-section elementor-inner-section elementor-element elementor-element-9a90ae9 elementor-section-boxed elementor-section-height-default elementor-section-height-default\" data-id=\"9a90ae9\" data-element_type=\"section\">\n\t\t\t\t\t\t<div class=\"elementor-container elementor-column-gap-default\">\n\t\t\t\t\t<div class=\"elementor-column elementor-col-25 elementor-inner-column elementor-element elementor-element-42bb219\" data-id=\"42bb219\" data-element_type=\"column\">\n\t\t\t<div class=\"elementor-widget-wrap\">\n\t\t\t\t\t\t\t<\/div>\n\t\t<\/div>\n\t\t\t\t<div class=\"elementor-column elementor-col-50 elementor-inner-column elementor-element elementor-element-ff10420\" data-id=\"ff10420\" data-element_type=\"column\">\n\t\t\t<div class=\"elementor-widget-wrap elementor-element-populated\">\n\t\t\t\t\t\t<div class=\"elementor-element elementor-element-a5914bc elementor-widget elementor-widget-text-editor\" data-id=\"a5914bc\" data-element_type=\"widget\" data-widget_type=\"text-editor.default\">\n\t\t\t\t<div class=\"elementor-widget-container\">\n\t\t\t\t\t\t\t\t\t<p>Megkaptuk \u00fczenetedet \u00e9s hamarosan keresni fogunk az id\u0151pont r\u00f6gz\u00edt\u00e9s\u00e9vel kapcsolatosan. K\u00f6sz\u00f6nj\u00fck, hogy minket v\u00e1lasztott\u00e1l!<\/p>\t\t\t\t\t\t\t\t<\/div>\n\t\t\t\t<\/div>\n\t\t\t\t\t<\/div>\n\t\t<\/div>\n\t\t\t\t<div class=\"elementor-column elementor-col-25 elementor-inner-column elementor-element elementor-element-7dfbd2d\" data-id=\"7dfbd2d\" data-element_type=\"column\">\n\t\t\t<div class=\"elementor-widget-wrap\">\n\t\t\t\t\t\t\t<\/div>\n\t\t<\/div>\n\t\t\t\t\t<\/div>\n\t\t<\/section>\n\t\t\t\t\t<\/div>\n\t\t<\/div>\n\t\t\t\t\t<\/div>\n\t\t<\/section>\n\t\t\t\t<\/div>","protected":false},"excerpt":{"rendered":"<p>\ud83d\ude42 \u00dczeneted meg\u00e9rkezett hozz\u00e1nk! Megkaptuk \u00fczenetedet \u00e9s hamarosan keresni fogunk az id\u0151pont r\u00f6gz\u00edt\u00e9s\u00e9vel kapcsolatosan. K\u00f6sz\u00f6nj\u00fck, hogy minket v\u00e1lasztott\u00e1l!<\/p>","protected":false},"author":2,"featured_media":0,"parent":43,"menu_order":0,"comment_status":"closed","ping_status":"closed","template":"","meta":{"footnotes":""},"class_list":["post-348","page","type-page","status-publish","hentry"],"yoast_head":"<!-- This site is optimized with the Yoast SEO Premium plugin v24.1 (Yoast SEO v24.2) - https:\/\/yoast.com\/wordpress\/plugins\/seo\/ -->\n<title>\u00dczenet\u00e9t megkaptuk - DalosDent<\/title>\n<meta name=\"robots\" content=\"noindex, nofollow\" \/>\n<meta property=\"og:locale\" content=\"en_GB\" \/>\n<meta property=\"og:type\" content=\"article\" \/>\n<meta property=\"og:title\" content=\"\u00dczenet\u00e9t megkaptuk\" \/>\n<meta property=\"og:description\" content=\"\ud83d\ude42 \u00dczeneted meg\u00e9rkezett hozz\u00e1nk! Megkaptuk \u00fczenetedet \u00e9s hamarosan keresni fogunk az id\u0151pont r\u00f6gz\u00edt\u00e9s\u00e9vel kapcsolatosan. K\u00f6sz\u00f6nj\u00fck, hogy minket v\u00e1lasztott\u00e1l!\" \/>\n<meta property=\"og:url\" content=\"https:\/\/dalosdent.hu\/en\/appointment\/uzenetet-megkaptuk\" \/>\n<meta property=\"og:site_name\" content=\"DalosDent\" \/>\n<meta property=\"article:publisher\" content=\"https:\/\/www.facebook.com\/dalosdent\" \/>\n<meta property=\"article:modified_time\" content=\"2022-08-02T13:41:59+00:00\" \/>\n<meta property=\"og:image\" content=\"https:\/\/dalosdent.hu\/wp-content\/uploads\/2022\/07\/Fogpotlas-a-DalosDentnel.jpg\" \/>\n\t<meta property=\"og:image:width\" content=\"700\" \/>\n\t<meta property=\"og:image:height\" content=\"400\" \/>\n\t<meta property=\"og:image:type\" content=\"image\/jpeg\" \/>\n<meta name=\"twitter:card\" content=\"summary_large_image\" \/>\n<script type=\"application\/ld+json\" class=\"yoast-schema-graph\">{\"@context\":\"https:\/\/schema.org\",\"@graph\":[{\"@type\":\"WebPage\",\"@id\":\"https:\/\/dalosdent.hu\/bejelentkezes\/uzenetet-megkaptuk\",\"url\":\"https:\/\/dalosdent.hu\/bejelentkezes\/uzenetet-megkaptuk\",\"name\":\"\u00dczenet\u00e9t megkaptuk - DalosDent\",\"isPartOf\":{\"@id\":\"https:\/\/dalosdent.hu\/#website\"},\"datePublished\":\"2022-06-10T14:21:46+00:00\",\"dateModified\":\"2022-08-02T13:41:59+00:00\",\"breadcrumb\":{\"@id\":\"https:\/\/dalosdent.hu\/bejelentkezes\/uzenetet-megkaptuk#breadcrumb\"},\"inLanguage\":\"en-GB\",\"potentialAction\":[{\"@type\":\"ReadAction\",\"target\":[\"https:\/\/dalosdent.hu\/bejelentkezes\/uzenetet-megkaptuk\"]}]},{\"@type\":\"BreadcrumbList\",\"@id\":\"https:\/\/dalosdent.hu\/bejelentkezes\/uzenetet-megkaptuk#breadcrumb\",\"itemListElement\":[{\"@type\":\"ListItem\",\"position\":1,\"name\":\"Home\",\"item\":\"https:\/\/dalosdent.hu\/\"},{\"@type\":\"ListItem\",\"position\":2,\"name\":\"Bejelentkez\u00e9s fog\u00e1szati kezel\u00e9sekre\",\"item\":\"https:\/\/dalosdent.hu\/bejelentkezes\"},{\"@type\":\"ListItem\",\"position\":3,\"name\":\"\u00dczenet\u00e9t megkaptuk\"}]},{\"@type\":\"WebSite\",\"@id\":\"https:\/\/dalosdent.hu\/#website\",\"url\":\"https:\/\/dalosdent.hu\/\",\"name\":\"DalosDent Fog\u00e1szat\",\"description\":\"Teljes k\u00f6r\u0171 fog\u00e1szati kezel\u00e9s a Hegyvid\u00e9k sz\u00edv\u00e9ben\",\"publisher\":{\"@id\":\"https:\/\/dalosdent.hu\/#organization\"},\"alternateName\":\"Fogaszat\",\"potentialAction\":[{\"@type\":\"SearchAction\",\"target\":{\"@type\":\"EntryPoint\",\"urlTemplate\":\"https:\/\/dalosdent.hu\/?s={search_term_string}\"},\"query-input\":{\"@type\":\"PropertyValueSpecification\",\"valueRequired\":true,\"valueName\":\"search_term_string\"}}],\"inLanguage\":\"en-GB\"},{\"@type\":\"Organization\",\"@id\":\"https:\/\/dalosdent.hu\/#organization\",\"name\":\"DalosDent Fog\u00e1szat\",\"url\":\"https:\/\/dalosdent.hu\/\",\"logo\":{\"@type\":\"ImageObject\",\"inLanguage\":\"en-GB\",\"@id\":\"https:\/\/dalosdent.hu\/#\/schema\/logo\/image\/\",\"url\":\"https:\/\/dalosdent.hu\/wp-content\/uploads\/2022\/05\/cropped-cropped-Dalosdent.hu-logo-4.png\",\"contentUrl\":\"https:\/\/dalosdent.hu\/wp-content\/uploads\/2022\/05\/cropped-cropped-Dalosdent.hu-logo-4.png\",\"width\":512,\"height\":512,\"caption\":\"DalosDent Fog\u00e1szat\"},\"image\":{\"@id\":\"https:\/\/dalosdent.hu\/#\/schema\/logo\/image\/\"},\"sameAs\":[\"https:\/\/www.facebook.com\/dalosdent\"]}]}<\/script>\n<!-- \/ Yoast SEO Premium plugin. -->","yoast_head_json":{"title":"\u00dczenet\u00e9t megkaptuk - DalosDent","robots":{"index":"noindex","follow":"nofollow"},"og_locale":"en_GB","og_type":"article","og_title":"\u00dczenet\u00e9t megkaptuk","og_description":"\ud83d\ude42 \u00dczeneted meg\u00e9rkezett hozz\u00e1nk! Megkaptuk \u00fczenetedet \u00e9s hamarosan keresni fogunk az id\u0151pont r\u00f6gz\u00edt\u00e9s\u00e9vel kapcsolatosan. K\u00f6sz\u00f6nj\u00fck, hogy minket v\u00e1lasztott\u00e1l!","og_url":"https:\/\/dalosdent.hu\/en\/appointment\/uzenetet-megkaptuk","og_site_name":"DalosDent","article_publisher":"https:\/\/www.facebook.com\/dalosdent","article_modified_time":"2022-08-02T13:41:59+00:00","og_image":[{"width":700,"height":400,"url":"https:\/\/dalosdent.hu\/wp-content\/uploads\/2022\/07\/Fogpotlas-a-DalosDentnel.jpg","type":"image\/jpeg"}],"twitter_card":"summary_large_image","schema":{"@context":"https:\/\/schema.org","@graph":[{"@type":"WebPage","@id":"https:\/\/dalosdent.hu\/bejelentkezes\/uzenetet-megkaptuk","url":"https:\/\/dalosdent.hu\/bejelentkezes\/uzenetet-megkaptuk","name":"\u00dczenet\u00e9t megkaptuk - DalosDent","isPartOf":{"@id":"https:\/\/dalosdent.hu\/#website"},"datePublished":"2022-06-10T14:21:46+00:00","dateModified":"2022-08-02T13:41:59+00:00","breadcrumb":{"@id":"https:\/\/dalosdent.hu\/bejelentkezes\/uzenetet-megkaptuk#breadcrumb"},"inLanguage":"en-GB","potentialAction":[{"@type":"ReadAction","target":["https:\/\/dalosdent.hu\/bejelentkezes\/uzenetet-megkaptuk"]}]},{"@type":"BreadcrumbList","@id":"https:\/\/dalosdent.hu\/bejelentkezes\/uzenetet-megkaptuk#breadcrumb","itemListElement":[{"@type":"ListItem","position":1,"name":"Home","item":"https:\/\/dalosdent.hu\/"},{"@type":"ListItem","position":2,"name":"Bejelentkez\u00e9s fog\u00e1szati kezel\u00e9sekre","item":"https:\/\/dalosdent.hu\/bejelentkezes"},{"@type":"ListItem","position":3,"name":"\u00dczenet\u00e9t megkaptuk"}]},{"@type":"WebSite","@id":"https:\/\/dalosdent.hu\/#website","url":"https:\/\/dalosdent.hu\/","name":"DalosDent Fog\u00e1szat","description":"Teljes k\u00f6r\u0171 fog\u00e1szati kezel\u00e9s a Hegyvid\u00e9k sz\u00edv\u00e9ben","publisher":{"@id":"https:\/\/dalosdent.hu\/#organization"},"alternateName":"Fogaszat","potentialAction":[{"@type":"SearchAction","target":{"@type":"EntryPoint","urlTemplate":"https:\/\/dalosdent.hu\/?s={search_term_string}"},"query-input":{"@type":"PropertyValueSpecification","valueRequired":true,"valueName":"search_term_string"}}],"inLanguage":"en-GB"},{"@type":"Organization","@id":"https:\/\/dalosdent.hu\/#organization","name":"DalosDent Fog\u00e1szat","url":"https:\/\/dalosdent.hu\/","logo":{"@type":"ImageObject","inLanguage":"en-GB","@id":"https:\/\/dalosdent.hu\/#\/schema\/logo\/image\/","url":"https:\/\/dalosdent.hu\/wp-content\/uploads\/2022\/05\/cropped-cropped-Dalosdent.hu-logo-4.png","contentUrl":"https:\/\/dalosdent.hu\/wp-content\/uploads\/2022\/05\/cropped-cropped-Dalosdent.hu-logo-4.png","width":512,"height":512,"caption":"DalosDent Fog\u00e1szat"},"image":{"@id":"https:\/\/dalosdent.hu\/#\/schema\/logo\/image\/"},"sameAs":["https:\/\/www.facebook.com\/dalosdent"]}]}},"_links":{"self":[{"href":"https:\/\/dalosdent.hu\/en\/wp-json\/wp\/v2\/pages\/348","targetHints":{"allow":["GET"]}}],"collection":[{"href":"https:\/\/dalosdent.hu\/en\/wp-json\/wp\/v2\/pages"}],"about":[{"href":"https:\/\/dalosdent.hu\/en\/wp-json\/wp\/v2\/types\/page"}],"author":[{"embeddable":true,"href":"https:\/\/dalosdent.hu\/en\/wp-json\/wp\/v2\/users\/2"}],"replies":[{"embeddable":true,"href":"https:\/\/dalosdent.hu\/en\/wp-json\/wp\/v2\/comments?post=348"}],"version-history":[{"count":5,"href":"https:\/\/dalosdent.hu\/en\/wp-json\/wp\/v2\/pages\/348\/revisions"}],"predecessor-version":[{"id":1641,"href":"https:\/\/dalosdent.hu\/en\/wp-json\/wp\/v2\/pages\/348\/revisions\/1641"}],"up":[{"embeddable":true,"href":"https:\/\/dalosdent.hu\/en\/wp-json\/wp\/v2\/pages\/43"}],"wp:attachment":[{"href":"https:\/\/dalosdent.hu\/en\/wp-json\/wp\/v2\/media?parent=348"}],"curies":[{"name":"wp","href":"https:\/\/api.w.org\/{rel}","templated":true}]}}