{"id":9588,"date":"2026-01-23T15:53:14","date_gmt":"2026-01-23T14:53:14","guid":{"rendered":"https:\/\/dalosdent.hu\/?page_id=9588"},"modified":"2026-02-02T07:20:48","modified_gmt":"2026-02-02T06:20:48","slug":"letoltheto-koszono","status":"publish","type":"page","link":"https:\/\/dalosdent.hu\/en\/letoltheto-koszono","title":{"rendered":"Let\u00f6lthet\u0151 k\u00f6sz\u00f6n\u0151"},"content":{"rendered":"<div data-elementor-type=\"wp-page\" data-elementor-id=\"9588\" class=\"elementor elementor-9588\" data-elementor-post-type=\"page\">\n\t\t\t\t<div class=\"elementor-element elementor-element-3ad76dc elementor-hidden-mobile e-flex e-con-boxed e-con e-parent\" data-id=\"3ad76dc\" data-element_type=\"container\" data-settings=\"{&quot;background_background&quot;:&quot;classic&quot;}\">\n\t\t\t\t\t<div class=\"e-con-inner\">\n\t\t<div class=\"elementor-element elementor-element-937d6b3 e-con-full e-flex e-con e-child\" data-id=\"937d6b3\" data-element_type=\"container\">\n\t\t<div class=\"elementor-element elementor-element-67b4aab e-con-full e-flex e-con e-child\" data-id=\"67b4aab\" data-element_type=\"container\">\n\t\t<div class=\"elementor-element elementor-element-0e1a2df e-con-full e-flex e-con e-child\" data-id=\"0e1a2df\" data-element_type=\"container\" data-settings=\"{&quot;background_background&quot;:&quot;classic&quot;}\">\n\t\t\t\t<div class=\"elementor-element elementor-element-5c55ac6 elementor-widget elementor-widget-button\" data-id=\"5c55ac6\" data-element_type=\"widget\" data-widget_type=\"button.default\">\n\t\t\t\t<div class=\"elementor-widget-container\">\n\t\t\t\t\t\t\t\t\t<div class=\"elementor-button-wrapper\">\n\t\t\t\t\t<a class=\"elementor-button elementor-button-link elementor-size-sm\" href=\"https:\/\/dalosdent.hu\/en\">\n\t\t\t\t\t\t<span class=\"elementor-button-content-wrapper\">\n\t\t\t\t\t\t<span class=\"elementor-button-icon\">\n\t\t\t\t<i aria-hidden=\"true\" class=\"fas fa-arrow-circle-left\"><\/i>\t\t\t<\/span>\n\t\t\t\t\t\t\t\t\t<span class=\"elementor-button-text\">Vissza a f\u0151oldalra<\/span>\n\t\t\t\t\t<\/span>\n\t\t\t\t\t<\/a>\n\t\t\t\t<\/div>\n\t\t\t\t\t\t\t\t<\/div>\n\t\t\t\t<\/div>\n\t\t\t\t<div class=\"elementor-element elementor-element-ee1a7f7 elementor-widget__width-inherit elementor-widget elementor-widget-heading\" data-id=\"ee1a7f7\" data-element_type=\"widget\" data-widget_type=\"heading.default\">\n\t\t\t\t<div class=\"elementor-widget-container\">\n\t\t\t\t\t<h2 class=\"elementor-heading-title elementor-size-default\">K\u00f6sz\u00f6nj\u00fck a kit\u00f6lt\u00e9st!<\/h2>\t\t\t\t<\/div>\n\t\t\t\t<\/div>\n\t\t\t\t<\/div>\n\t\t<div class=\"elementor-element elementor-element-b6ce4e0 e-con-full e-flex e-con e-child\" data-id=\"b6ce4e0\" data-element_type=\"container\">\n\t\t\t\t<div class=\"elementor-element elementor-element-09f84aa elementor-widget__width-inherit elementor-widget elementor-widget-text-editor\" data-id=\"09f84aa\" data-element_type=\"widget\" data-widget_type=\"text-editor.default\">\n\t\t\t\t<div class=\"elementor-widget-container\">\n\t\t\t\t\t\t\t\t\t<p>Az \u00fatmutat\u00f3t a lenti gombra kattintva nyithatod meg. B\u00edzunk benne, hogy hasznosnak tal\u00e1lod, \u00e9s ha b\u00e1rmilyen k\u00e9rd\u00e9sed lenne, keress minket bizalommal az el\u00e9rhet\u0151s\u00e9geinken!<\/p>\t\t\t\t\t\t\t\t<\/div>\n\t\t\t\t<\/div>\n\t\t\t\t<div class=\"elementor-element elementor-element-042a0d7 elementor-widget elementor-widget-button\" data-id=\"042a0d7\" data-element_type=\"widget\" data-widget_type=\"button.default\">\n\t\t\t\t<div class=\"elementor-widget-container\">\n\t\t\t\t\t\t\t\t\t<div class=\"elementor-button-wrapper\">\n\t\t\t\t\t<a class=\"elementor-button elementor-button-link elementor-size-sm\" href=\"https:\/\/dalosdent.hu\/wp-content\/uploads\/2026\/01\/Dalos-Dent-Fogorvoskent-ezt-ajanljuk-Letoltheto.pdf\" target=\"_blank\">\n\t\t\t\t\t\t<span class=\"elementor-button-content-wrapper\">\n\t\t\t\t\t\t<span class=\"elementor-button-icon\">\n\t\t\t\t<i aria-hidden=\"true\" class=\"fas fa-file-download\"><\/i>\t\t\t<\/span>\n\t\t\t\t\t\t\t\t\t<span class=\"elementor-button-text\">Let\u00f6lt\u00f6m az \u00fatmutat\u00f3t<\/span>\n\t\t\t\t\t<\/span>\n\t\t\t\t\t<\/a>\n\t\t\t\t<\/div>\n\t\t\t\t\t\t\t\t<\/div>\n\t\t\t\t<\/div>\n\t\t\t\t<\/div>\n\t\t\t\t<\/div>\n\t\t<div class=\"elementor-element elementor-element-25e9ce5 e-con-full e-flex e-con e-child\" data-id=\"25e9ce5\" data-element_type=\"container\">\n\t\t\t\t<div class=\"elementor-element elementor-element-6c28c09 elementor-widget elementor-widget-image\" data-id=\"6c28c09\" data-element_type=\"widget\" data-widget_type=\"image.default\">\n\t\t\t\t<div class=\"elementor-widget-container\">\n\t\t\t\t\t\t\t\t\t\t\t\t\t\t\t<img fetchpriority=\"high\" decoding=\"async\" width=\"800\" height=\"450\" src=\"https:\/\/dalosdent.hu\/wp-content\/uploads\/2026\/01\/Dalos-Dent-csali-1024x576.jpg\" class=\"attachment-large size-large wp-image-9612\" alt=\"\" srcset=\"https:\/\/dalosdent.hu\/wp-content\/uploads\/2026\/01\/Dalos-Dent-csali-1024x576.jpg 1024w, https:\/\/dalosdent.hu\/wp-content\/uploads\/2026\/01\/Dalos-Dent-csali-300x169.jpg 300w, https:\/\/dalosdent.hu\/wp-content\/uploads\/2026\/01\/Dalos-Dent-csali-768x432.jpg 768w, https:\/\/dalosdent.hu\/wp-content\/uploads\/2026\/01\/Dalos-Dent-csali-1536x864.jpg 1536w, https:\/\/dalosdent.hu\/wp-content\/uploads\/2026\/01\/Dalos-Dent-csali-18x10.jpg 18w, https:\/\/dalosdent.hu\/wp-content\/uploads\/2026\/01\/Dalos-Dent-csali.jpg 1920w\" sizes=\"(max-width: 800px) 100vw, 800px\" \/>\t\t\t\t\t\t\t\t\t\t\t\t\t\t\t<\/div>\n\t\t\t\t<\/div>\n\t\t\t\t<\/div>\n\t\t\t\t<\/div>\n\t\t\t\t\t<\/div>\n\t\t\t\t<\/div>\n\t\t<div class=\"elementor-element elementor-element-286bec9 elementor-hidden-desktop elementor-hidden-tablet e-flex e-con-boxed e-con e-parent\" data-id=\"286bec9\" data-element_type=\"container\" data-settings=\"{&quot;background_background&quot;:&quot;classic&quot;}\">\n\t\t\t\t\t<div class=\"e-con-inner\">\n\t\t<div class=\"elementor-element elementor-element-965424b e-con-full e-flex e-con e-child\" data-id=\"965424b\" data-element_type=\"container\">\n\t\t<div class=\"elementor-element elementor-element-ba3e940 e-con-full e-flex e-con e-child\" data-id=\"ba3e940\" data-element_type=\"container\">\n\t\t\t\t<div class=\"elementor-element elementor-element-388b973 elementor-widget elementor-widget-button\" data-id=\"388b973\" data-element_type=\"widget\" data-widget_type=\"button.default\">\n\t\t\t\t<div class=\"elementor-widget-container\">\n\t\t\t\t\t\t\t\t\t<div class=\"elementor-button-wrapper\">\n\t\t\t\t\t<a class=\"elementor-button elementor-button-link elementor-size-sm\" href=\"https:\/\/dalosdent.hu\/en\">\n\t\t\t\t\t\t<span class=\"elementor-button-content-wrapper\">\n\t\t\t\t\t\t<span class=\"elementor-button-icon\">\n\t\t\t\t<i aria-hidden=\"true\" class=\"fas fa-arrow-circle-left\"><\/i>\t\t\t<\/span>\n\t\t\t\t\t\t\t\t\t<span class=\"elementor-button-text\">Vissza a f\u0151oldalra<\/span>\n\t\t\t\t\t<\/span>\n\t\t\t\t\t<\/a>\n\t\t\t\t<\/div>\n\t\t\t\t\t\t\t\t<\/div>\n\t\t\t\t<\/div>\n\t\t<div class=\"elementor-element elementor-element-1ceda06 e-con-full e-flex e-con e-child\" data-id=\"1ceda06\" data-element_type=\"container\" data-settings=\"{&quot;background_background&quot;:&quot;classic&quot;}\">\n\t\t\t\t<div class=\"elementor-element elementor-element-8e28b95 elementor-widget__width-inherit elementor-widget elementor-widget-heading\" data-id=\"8e28b95\" data-element_type=\"widget\" data-widget_type=\"heading.default\">\n\t\t\t\t<div class=\"elementor-widget-container\">\n\t\t\t\t\t<h2 class=\"elementor-heading-title elementor-size-default\">K\u00f6sz\u00f6nj\u00fck a kit\u00f6lt\u00e9st!<\/h2>\t\t\t\t<\/div>\n\t\t\t\t<\/div>\n\t\t\t\t<\/div>\n\t\t<div class=\"elementor-element elementor-element-eaf808b e-con-full e-flex e-con e-child\" data-id=\"eaf808b\" data-element_type=\"container\">\n\t\t\t\t<div class=\"elementor-element elementor-element-16fd712 elementor-widget__width-inherit elementor-widget elementor-widget-text-editor\" data-id=\"16fd712\" data-element_type=\"widget\" data-widget_type=\"text-editor.default\">\n\t\t\t\t<div class=\"elementor-widget-container\">\n\t\t\t\t\t\t\t\t\t<p>Az \u00fatmutat\u00f3t a lenti gombra kattintva nyithatod meg. B\u00edzunk benne, hogy hasznosnak tal\u00e1lod, \u00e9s ha b\u00e1rmilyen k\u00e9rd\u00e9sed lenne, keress minket bizalommal az el\u00e9rhet\u0151s\u00e9geinken!<\/p>\t\t\t\t\t\t\t\t<\/div>\n\t\t\t\t<\/div>\n\t\t\t\t<div class=\"elementor-element elementor-element-21ee0c8 elementor-widget elementor-widget-image\" data-id=\"21ee0c8\" data-element_type=\"widget\" data-widget_type=\"image.default\">\n\t\t\t\t<div class=\"elementor-widget-container\">\n\t\t\t\t\t\t\t\t\t\t\t\t\t\t\t<img fetchpriority=\"high\" decoding=\"async\" width=\"800\" height=\"450\" src=\"https:\/\/dalosdent.hu\/wp-content\/uploads\/2026\/01\/Dalos-Dent-csali-1024x576.jpg\" class=\"attachment-large size-large wp-image-9612\" alt=\"\" srcset=\"https:\/\/dalosdent.hu\/wp-content\/uploads\/2026\/01\/Dalos-Dent-csali-1024x576.jpg 1024w, https:\/\/dalosdent.hu\/wp-content\/uploads\/2026\/01\/Dalos-Dent-csali-300x169.jpg 300w, https:\/\/dalosdent.hu\/wp-content\/uploads\/2026\/01\/Dalos-Dent-csali-768x432.jpg 768w, https:\/\/dalosdent.hu\/wp-content\/uploads\/2026\/01\/Dalos-Dent-csali-1536x864.jpg 1536w, https:\/\/dalosdent.hu\/wp-content\/uploads\/2026\/01\/Dalos-Dent-csali-18x10.jpg 18w, https:\/\/dalosdent.hu\/wp-content\/uploads\/2026\/01\/Dalos-Dent-csali.jpg 1920w\" sizes=\"(max-width: 800px) 100vw, 800px\" \/>\t\t\t\t\t\t\t\t\t\t\t\t\t\t\t<\/div>\n\t\t\t\t<\/div>\n\t\t\t\t<\/div>\n\t\t\t\t<div class=\"elementor-element elementor-element-9b064a5 elementor-mobile-align-center elementor-widget elementor-widget-button\" data-id=\"9b064a5\" data-element_type=\"widget\" data-widget_type=\"button.default\">\n\t\t\t\t<div class=\"elementor-widget-container\">\n\t\t\t\t\t\t\t\t\t<div class=\"elementor-button-wrapper\">\n\t\t\t\t\t<a class=\"elementor-button elementor-button-link elementor-size-sm\" href=\"https:\/\/dalosdent.hu\/wp-content\/uploads\/2026\/01\/Dalos-Dent-Fogorvoskent-ezt-ajanljuk-Letoltheto.pdf\" target=\"_blank\">\n\t\t\t\t\t\t<span class=\"elementor-button-content-wrapper\">\n\t\t\t\t\t\t<span class=\"elementor-button-icon\">\n\t\t\t\t<i aria-hidden=\"true\" class=\"fas fa-file-download\"><\/i>\t\t\t<\/span>\n\t\t\t\t\t\t\t\t\t<span class=\"elementor-button-text\">Let\u00f6lt\u00f6m az \u00fatmutat\u00f3t<\/span>\n\t\t\t\t\t<\/span>\n\t\t\t\t\t<\/a>\n\t\t\t\t<\/div>\n\t\t\t\t\t\t\t\t<\/div>\n\t\t\t\t<\/div>\n\t\t\t\t<\/div>\n\t\t\t\t<\/div>\n\t\t\t\t\t<\/div>\n\t\t\t\t<\/div>\n\t\t\t\t<\/div>","protected":false},"excerpt":{"rendered":"<p>Vissza a f\u0151oldalra K\u00f6sz\u00f6nj\u00fck a kit\u00f6lt\u00e9st! Az \u00fatmutat\u00f3t a lenti gombra kattintva nyithatod meg. B\u00edzunk benne, hogy hasznosnak tal\u00e1lod, \u00e9s ha b\u00e1rmilyen k\u00e9rd\u00e9sed lenne, keress minket bizalommal az el\u00e9rhet\u0151s\u00e9geinken! Let\u00f6lt\u00f6m az \u00fatmutat\u00f3t Vissza a f\u0151oldalra K\u00f6sz\u00f6nj\u00fck a kit\u00f6lt\u00e9st! Az \u00fatmutat\u00f3t a lenti gombra kattintva nyithatod meg. B\u00edzunk benne, hogy hasznosnak tal\u00e1lod, \u00e9s ha b\u00e1rmilyen k\u00e9rd\u00e9sed [&hellip;]<\/p>","protected":false},"author":8,"featured_media":0,"parent":0,"menu_order":0,"comment_status":"closed","ping_status":"closed","template":"elementor_canvas","meta":{"footnotes":""},"class_list":["post-9588","page","type-page","status-publish","hentry"],"yoast_head":"<!-- This site is optimized with the Yoast SEO Premium plugin v24.1 (Yoast SEO v24.2) - https:\/\/yoast.com\/wordpress\/plugins\/seo\/ -->\n<title>Let\u00f6lthet\u0151 k\u00f6sz\u00f6n\u0151 - DalosDent<\/title>\n<meta name=\"robots\" content=\"index, follow, max-snippet:-1, max-image-preview:large, max-video-preview:-1\" \/>\n<link rel=\"canonical\" href=\"https:\/\/dalosdent.hu\/en\/letoltheto-koszono\" \/>\n<meta property=\"og:locale\" content=\"en_GB\" \/>\n<meta property=\"og:type\" content=\"article\" \/>\n<meta property=\"og:title\" content=\"Let\u00f6lthet\u0151 k\u00f6sz\u00f6n\u0151\" \/>\n<meta property=\"og:description\" content=\"Vissza a f\u0151oldalra K\u00f6sz\u00f6nj\u00fck a kit\u00f6lt\u00e9st! Az \u00fatmutat\u00f3t a lenti gombra kattintva nyithatod meg. B\u00edzunk benne, hogy hasznosnak tal\u00e1lod, \u00e9s ha b\u00e1rmilyen k\u00e9rd\u00e9sed lenne, keress minket bizalommal az el\u00e9rhet\u0151s\u00e9geinken! Let\u00f6lt\u00f6m az \u00fatmutat\u00f3t Vissza a f\u0151oldalra K\u00f6sz\u00f6nj\u00fck a kit\u00f6lt\u00e9st! Az \u00fatmutat\u00f3t a lenti gombra kattintva nyithatod meg. B\u00edzunk benne, hogy hasznosnak tal\u00e1lod, \u00e9s ha b\u00e1rmilyen k\u00e9rd\u00e9sed [&hellip;]\" \/>\n<meta property=\"og:url\" content=\"https:\/\/dalosdent.hu\/en\/letoltheto-koszono\" \/>\n<meta property=\"og:site_name\" content=\"DalosDent\" \/>\n<meta property=\"article:publisher\" content=\"https:\/\/www.facebook.com\/dalosdent\" \/>\n<meta property=\"article:modified_time\" content=\"2026-02-02T06:20:48+00:00\" \/>\n<meta property=\"og:image\" content=\"https:\/\/dalosdent.hu\/wp-content\/uploads\/2026\/01\/Dalos-Dent-csali.jpg\" \/>\n\t<meta property=\"og:image:width\" content=\"1920\" \/>\n\t<meta property=\"og:image:height\" content=\"1080\" \/>\n\t<meta property=\"og:image:type\" content=\"image\/jpeg\" \/>\n<meta name=\"twitter:card\" content=\"summary_large_image\" \/>\n<meta name=\"twitter:label1\" content=\"Estimated reading time\" \/>\n\t<meta name=\"twitter:data1\" content=\"1 minute\" \/>\n<script type=\"application\/ld+json\" class=\"yoast-schema-graph\">{\"@context\":\"https:\/\/schema.org\",\"@graph\":[{\"@type\":\"WebPage\",\"@id\":\"https:\/\/dalosdent.hu\/letoltheto-koszono\",\"url\":\"https:\/\/dalosdent.hu\/letoltheto-koszono\",\"name\":\"Let\u00f6lthet\u0151 k\u00f6sz\u00f6n\u0151 - DalosDent\",\"isPartOf\":{\"@id\":\"https:\/\/dalosdent.hu\/#website\"},\"primaryImageOfPage\":{\"@id\":\"https:\/\/dalosdent.hu\/letoltheto-koszono#primaryimage\"},\"image\":{\"@id\":\"https:\/\/dalosdent.hu\/letoltheto-koszono#primaryimage\"},\"thumbnailUrl\":\"https:\/\/dalosdent.hu\/wp-content\/uploads\/2026\/01\/Dalos-Dent-csali-1024x576.jpg\",\"datePublished\":\"2026-01-23T14:53:14+00:00\",\"dateModified\":\"2026-02-02T06:20:48+00:00\",\"breadcrumb\":{\"@id\":\"https:\/\/dalosdent.hu\/letoltheto-koszono#breadcrumb\"},\"inLanguage\":\"en-GB\",\"potentialAction\":[{\"@type\":\"ReadAction\",\"target\":[\"https:\/\/dalosdent.hu\/letoltheto-koszono\"]}]},{\"@type\":\"ImageObject\",\"inLanguage\":\"en-GB\",\"@id\":\"https:\/\/dalosdent.hu\/letoltheto-koszono#primaryimage\",\"url\":\"https:\/\/dalosdent.hu\/wp-content\/uploads\/2026\/01\/Dalos-Dent-csali-1024x576.jpg\",\"contentUrl\":\"https:\/\/dalosdent.hu\/wp-content\/uploads\/2026\/01\/Dalos-Dent-csali-1024x576.jpg\"},{\"@type\":\"BreadcrumbList\",\"@id\":\"https:\/\/dalosdent.hu\/letoltheto-koszono#breadcrumb\",\"itemListElement\":[{\"@type\":\"ListItem\",\"position\":1,\"name\":\"Home\",\"item\":\"https:\/\/dalosdent.hu\/\"},{\"@type\":\"ListItem\",\"position\":2,\"name\":\"Let\u00f6lthet\u0151 k\u00f6sz\u00f6n\u0151\"}]},{\"@type\":\"WebSite\",\"@id\":\"https:\/\/dalosdent.hu\/#website\",\"url\":\"https:\/\/dalosdent.hu\/\",\"name\":\"DalosDent Fog\u00e1szat\",\"description\":\"Teljes k\u00f6r\u0171 fog\u00e1szati kezel\u00e9s a Hegyvid\u00e9k sz\u00edv\u00e9ben\",\"publisher\":{\"@id\":\"https:\/\/dalosdent.hu\/#organization\"},\"alternateName\":\"Fogaszat\",\"potentialAction\":[{\"@type\":\"SearchAction\",\"target\":{\"@type\":\"EntryPoint\",\"urlTemplate\":\"https:\/\/dalosdent.hu\/?s={search_term_string}\"},\"query-input\":{\"@type\":\"PropertyValueSpecification\",\"valueRequired\":true,\"valueName\":\"search_term_string\"}}],\"inLanguage\":\"en-GB\"},{\"@type\":\"Organization\",\"@id\":\"https:\/\/dalosdent.hu\/#organization\",\"name\":\"DalosDent Fog\u00e1szat\",\"url\":\"https:\/\/dalosdent.hu\/\",\"logo\":{\"@type\":\"ImageObject\",\"inLanguage\":\"en-GB\",\"@id\":\"https:\/\/dalosdent.hu\/#\/schema\/logo\/image\/\",\"url\":\"https:\/\/dalosdent.hu\/wp-content\/uploads\/2022\/05\/cropped-cropped-Dalosdent.hu-logo-4.png\",\"contentUrl\":\"https:\/\/dalosdent.hu\/wp-content\/uploads\/2022\/05\/cropped-cropped-Dalosdent.hu-logo-4.png\",\"width\":512,\"height\":512,\"caption\":\"DalosDent Fog\u00e1szat\"},\"image\":{\"@id\":\"https:\/\/dalosdent.hu\/#\/schema\/logo\/image\/\"},\"sameAs\":[\"https:\/\/www.facebook.com\/dalosdent\"]}]}<\/script>\n<!-- \/ Yoast SEO Premium plugin. -->","yoast_head_json":{"title":"Let\u00f6lthet\u0151 k\u00f6sz\u00f6n\u0151 - DalosDent","robots":{"index":"index","follow":"follow","max-snippet":"max-snippet:-1","max-image-preview":"max-image-preview:large","max-video-preview":"max-video-preview:-1"},"canonical":"https:\/\/dalosdent.hu\/en\/letoltheto-koszono","og_locale":"en_GB","og_type":"article","og_title":"Let\u00f6lthet\u0151 k\u00f6sz\u00f6n\u0151","og_description":"Vissza a f\u0151oldalra K\u00f6sz\u00f6nj\u00fck a kit\u00f6lt\u00e9st! Az \u00fatmutat\u00f3t a lenti gombra kattintva nyithatod meg. B\u00edzunk benne, hogy hasznosnak tal\u00e1lod, \u00e9s ha b\u00e1rmilyen k\u00e9rd\u00e9sed lenne, keress minket bizalommal az el\u00e9rhet\u0151s\u00e9geinken! Let\u00f6lt\u00f6m az \u00fatmutat\u00f3t Vissza a f\u0151oldalra K\u00f6sz\u00f6nj\u00fck a kit\u00f6lt\u00e9st! Az \u00fatmutat\u00f3t a lenti gombra kattintva nyithatod meg. B\u00edzunk benne, hogy hasznosnak tal\u00e1lod, \u00e9s ha b\u00e1rmilyen k\u00e9rd\u00e9sed [&hellip;]","og_url":"https:\/\/dalosdent.hu\/en\/letoltheto-koszono","og_site_name":"DalosDent","article_publisher":"https:\/\/www.facebook.com\/dalosdent","article_modified_time":"2026-02-02T06:20:48+00:00","og_image":[{"width":1920,"height":1080,"url":"https:\/\/dalosdent.hu\/wp-content\/uploads\/2026\/01\/Dalos-Dent-csali.jpg","type":"image\/jpeg"}],"twitter_card":"summary_large_image","twitter_misc":{"Estimated reading time":"1 minute"},"schema":{"@context":"https:\/\/schema.org","@graph":[{"@type":"WebPage","@id":"https:\/\/dalosdent.hu\/letoltheto-koszono","url":"https:\/\/dalosdent.hu\/letoltheto-koszono","name":"Let\u00f6lthet\u0151 k\u00f6sz\u00f6n\u0151 - DalosDent","isPartOf":{"@id":"https:\/\/dalosdent.hu\/#website"},"primaryImageOfPage":{"@id":"https:\/\/dalosdent.hu\/letoltheto-koszono#primaryimage"},"image":{"@id":"https:\/\/dalosdent.hu\/letoltheto-koszono#primaryimage"},"thumbnailUrl":"https:\/\/dalosdent.hu\/wp-content\/uploads\/2026\/01\/Dalos-Dent-csali-1024x576.jpg","datePublished":"2026-01-23T14:53:14+00:00","dateModified":"2026-02-02T06:20:48+00:00","breadcrumb":{"@id":"https:\/\/dalosdent.hu\/letoltheto-koszono#breadcrumb"},"inLanguage":"en-GB","potentialAction":[{"@type":"ReadAction","target":["https:\/\/dalosdent.hu\/letoltheto-koszono"]}]},{"@type":"ImageObject","inLanguage":"en-GB","@id":"https:\/\/dalosdent.hu\/letoltheto-koszono#primaryimage","url":"https:\/\/dalosdent.hu\/wp-content\/uploads\/2026\/01\/Dalos-Dent-csali-1024x576.jpg","contentUrl":"https:\/\/dalosdent.hu\/wp-content\/uploads\/2026\/01\/Dalos-Dent-csali-1024x576.jpg"},{"@type":"BreadcrumbList","@id":"https:\/\/dalosdent.hu\/letoltheto-koszono#breadcrumb","itemListElement":[{"@type":"ListItem","position":1,"name":"Home","item":"https:\/\/dalosdent.hu\/"},{"@type":"ListItem","position":2,"name":"Let\u00f6lthet\u0151 k\u00f6sz\u00f6n\u0151"}]},{"@type":"WebSite","@id":"https:\/\/dalosdent.hu\/#website","url":"https:\/\/dalosdent.hu\/","name":"DalosDent Fog\u00e1szat","description":"Teljes k\u00f6r\u0171 fog\u00e1szati kezel\u00e9s a Hegyvid\u00e9k sz\u00edv\u00e9ben","publisher":{"@id":"https:\/\/dalosdent.hu\/#organization"},"alternateName":"Fogaszat","potentialAction":[{"@type":"SearchAction","target":{"@type":"EntryPoint","urlTemplate":"https:\/\/dalosdent.hu\/?s={search_term_string}"},"query-input":{"@type":"PropertyValueSpecification","valueRequired":true,"valueName":"search_term_string"}}],"inLanguage":"en-GB"},{"@type":"Organization","@id":"https:\/\/dalosdent.hu\/#organization","name":"DalosDent Fog\u00e1szat","url":"https:\/\/dalosdent.hu\/","logo":{"@type":"ImageObject","inLanguage":"en-GB","@id":"https:\/\/dalosdent.hu\/#\/schema\/logo\/image\/","url":"https:\/\/dalosdent.hu\/wp-content\/uploads\/2022\/05\/cropped-cropped-Dalosdent.hu-logo-4.png","contentUrl":"https:\/\/dalosdent.hu\/wp-content\/uploads\/2022\/05\/cropped-cropped-Dalosdent.hu-logo-4.png","width":512,"height":512,"caption":"DalosDent Fog\u00e1szat"},"image":{"@id":"https:\/\/dalosdent.hu\/#\/schema\/logo\/image\/"},"sameAs":["https:\/\/www.facebook.com\/dalosdent"]}]}},"_links":{"self":[{"href":"https:\/\/dalosdent.hu\/en\/wp-json\/wp\/v2\/pages\/9588","targetHints":{"allow":["GET"]}}],"collection":[{"href":"https:\/\/dalosdent.hu\/en\/wp-json\/wp\/v2\/pages"}],"about":[{"href":"https:\/\/dalosdent.hu\/en\/wp-json\/wp\/v2\/types\/page"}],"author":[{"embeddable":true,"href":"https:\/\/dalosdent.hu\/en\/wp-json\/wp\/v2\/users\/8"}],"replies":[{"embeddable":true,"href":"https:\/\/dalosdent.hu\/en\/wp-json\/wp\/v2\/comments?post=9588"}],"version-history":[{"count":45,"href":"https:\/\/dalosdent.hu\/en\/wp-json\/wp\/v2\/pages\/9588\/revisions"}],"predecessor-version":[{"id":9708,"href":"https:\/\/dalosdent.hu\/en\/wp-json\/wp\/v2\/pages\/9588\/revisions\/9708"}],"wp:attachment":[{"href":"https:\/\/dalosdent.hu\/en\/wp-json\/wp\/v2\/media?parent=9588"}],"curies":[{"name":"wp","href":"https:\/\/api.w.org\/{rel}","templated":true}]}}