{"id":9723,"date":"2026-03-03T10:29:32","date_gmt":"2026-03-03T09:29:32","guid":{"rendered":"https:\/\/dalosdent.hu\/?page_id=9723"},"modified":"2026-03-12T06:17:59","modified_gmt":"2026-03-12T05:17:59","slug":"fogaszati-kviz","status":"publish","type":"page","link":"https:\/\/dalosdent.hu\/en\/fogaszati-kviz","title":{"rendered":"Fog\u00e1szati kv\u00edz"},"content":{"rendered":"<div data-elementor-type=\"wp-page\" data-elementor-id=\"9723\" class=\"elementor elementor-9723\" data-elementor-post-type=\"page\">\n\t\t\t\t<div class=\"elementor-element elementor-element-77a149b e-flex e-con-boxed e-con e-parent\" data-id=\"77a149b\" data-element_type=\"container\">\n\t\t\t\t\t<div class=\"e-con-inner\">\n\t\t\t\t<div class=\"elementor-element elementor-element-1593abe elementor-widget elementor-widget-text-editor\" data-id=\"1593abe\" data-element_type=\"widget\" data-widget_type=\"text-editor.default\">\n\t\t\t\t<div class=\"elementor-widget-container\">\n\t\t\t\t\t\t\t\t\t<p data-start=\"609\" data-end=\"690\">T\u00f6ltsd ki az <strong>1 perces fog\u00e1szati kv\u00edzt,<\/strong> \u00e9s szem\u00e9lyre szabott javaslatot kapsz!<\/p>\t\t\t\t\t\t\t\t<\/div>\n\t\t\t\t<\/div>\n\t\t\t\t<div class=\"elementor-element elementor-element-40e0f59 elementor-widget elementor-widget-heading\" data-id=\"40e0f59\" data-element_type=\"widget\" data-widget_type=\"heading.default\">\n\t\t\t\t<div class=\"elementor-widget-container\">\n\t\t\t\t\t<h2 class=\"elementor-heading-title elementor-size-default\">Ahhoz, hogy megmondhassuk, melyik fog\u00e1szati kezel\u00e9s lenne sz\u00e1modra a legjobb d\u00f6nt\u00e9s, el\u0151bb ismern\u00fcnk kell p\u00e1r r\u00e9szletet r\u00f3lad. \ud83d\ude42<\/h2>\t\t\t\t<\/div>\n\t\t\t\t<\/div>\n\t\t\t\t\t<\/div>\n\t\t\t\t<\/div>\n\t\t<div class=\"elementor-element elementor-element-d048bc5 e-flex e-con-boxed e-con e-parent\" data-id=\"d048bc5\" data-element_type=\"container\" data-settings=\"{&quot;background_background&quot;:&quot;classic&quot;}\">\n\t\t\t\t\t<div class=\"e-con-inner\">\n\t\t\t\t<div class=\"elementor-element elementor-element-def3154 elementor-widget elementor-widget-html\" data-id=\"def3154\" data-element_type=\"widget\" data-widget_type=\"html.default\">\n\t\t\t\t<div class=\"elementor-widget-container\">\n\t\t\t\t\t<div data-tf-live=\"01KJQ3TBFJA8NXR83T6PVX7JPT\"><\/div><script src=\"\/\/embed.typeform.com\/next\/embed.js\"><\/script>\t\t\t\t<\/div>\n\t\t\t\t<\/div>\n\t\t\t\t\t<\/div>\n\t\t\t\t<\/div>\n\t\t\t\t<\/div>","protected":false},"excerpt":{"rendered":"<p>T\u00f6ltsd ki az 1 perces fog\u00e1szati kv\u00edzt, \u00e9s szem\u00e9lyre szabott javaslatot kapsz! Ahhoz, hogy megmondhassuk, melyik fog\u00e1szati kezel\u00e9s lenne sz\u00e1modra a legjobb d\u00f6nt\u00e9s, el\u0151bb ismern\u00fcnk kell p\u00e1r r\u00e9szletet r\u00f3lad. &#x1f642;<\/p>","protected":false},"author":8,"featured_media":0,"parent":0,"menu_order":0,"comment_status":"closed","ping_status":"closed","template":"elementor_canvas","meta":{"footnotes":""},"class_list":["post-9723","page","type-page","status-publish","hentry"],"yoast_head":"<!-- This site is optimized with the Yoast SEO Premium plugin v24.1 (Yoast SEO v24.2) - https:\/\/yoast.com\/wordpress\/plugins\/seo\/ -->\n<title>Fog\u00e1szati kv\u00edz - DalosDent<\/title>\n<meta name=\"robots\" content=\"index, follow, max-snippet:-1, max-image-preview:large, max-video-preview:-1\" \/>\n<link rel=\"canonical\" href=\"https:\/\/dalosdent.hu\/en\/fogaszati-kviz\" \/>\n<meta property=\"og:locale\" content=\"en_GB\" \/>\n<meta property=\"og:type\" content=\"article\" \/>\n<meta property=\"og:title\" content=\"Fog\u00e1szati kv\u00edz\" \/>\n<meta property=\"og:description\" content=\"T\u00f6ltsd ki az 1 perces fog\u00e1szati kv\u00edzt, \u00e9s szem\u00e9lyre szabott javaslatot kapsz! Ahhoz, hogy megmondhassuk, melyik fog\u00e1szati kezel\u00e9s lenne sz\u00e1modra a legjobb d\u00f6nt\u00e9s, el\u0151bb ismern\u00fcnk kell p\u00e1r r\u00e9szletet r\u00f3lad. &#x1f642;\" \/>\n<meta property=\"og:url\" content=\"https:\/\/dalosdent.hu\/en\/fogaszati-kviz\" \/>\n<meta property=\"og:site_name\" content=\"DalosDent\" \/>\n<meta property=\"article:publisher\" content=\"https:\/\/www.facebook.com\/dalosdent\" \/>\n<meta property=\"article:modified_time\" content=\"2026-03-12T05:17:59+00:00\" \/>\n<meta property=\"og:image\" content=\"https:\/\/dalosdent.hu\/wp-content\/uploads\/2022\/07\/Fogpotlas-a-DalosDentnel.jpg\" \/>\n\t<meta property=\"og:image:width\" content=\"700\" \/>\n\t<meta property=\"og:image:height\" content=\"400\" \/>\n\t<meta property=\"og:image:type\" content=\"image\/jpeg\" \/>\n<meta name=\"twitter:card\" content=\"summary_large_image\" \/>\n<meta name=\"twitter:label1\" content=\"Estimated reading time\" \/>\n\t<meta name=\"twitter:data1\" content=\"1 minute\" \/>\n<script type=\"application\/ld+json\" class=\"yoast-schema-graph\">{\"@context\":\"https:\/\/schema.org\",\"@graph\":[{\"@type\":\"WebPage\",\"@id\":\"https:\/\/dalosdent.hu\/fogaszati-kviz\",\"url\":\"https:\/\/dalosdent.hu\/fogaszati-kviz\",\"name\":\"Fog\u00e1szati kv\u00edz - DalosDent\",\"isPartOf\":{\"@id\":\"https:\/\/dalosdent.hu\/#website\"},\"datePublished\":\"2026-03-03T09:29:32+00:00\",\"dateModified\":\"2026-03-12T05:17:59+00:00\",\"breadcrumb\":{\"@id\":\"https:\/\/dalosdent.hu\/fogaszati-kviz#breadcrumb\"},\"inLanguage\":\"en-GB\",\"potentialAction\":[{\"@type\":\"ReadAction\",\"target\":[\"https:\/\/dalosdent.hu\/fogaszati-kviz\"]}]},{\"@type\":\"BreadcrumbList\",\"@id\":\"https:\/\/dalosdent.hu\/fogaszati-kviz#breadcrumb\",\"itemListElement\":[{\"@type\":\"ListItem\",\"position\":1,\"name\":\"Home\",\"item\":\"https:\/\/dalosdent.hu\/\"},{\"@type\":\"ListItem\",\"position\":2,\"name\":\"Fog\u00e1szati kv\u00edz\"}]},{\"@type\":\"WebSite\",\"@id\":\"https:\/\/dalosdent.hu\/#website\",\"url\":\"https:\/\/dalosdent.hu\/\",\"name\":\"DalosDent Fog\u00e1szat\",\"description\":\"Teljes k\u00f6r\u0171 fog\u00e1szati kezel\u00e9s a Hegyvid\u00e9k sz\u00edv\u00e9ben\",\"publisher\":{\"@id\":\"https:\/\/dalosdent.hu\/#organization\"},\"alternateName\":\"Fogaszat\",\"potentialAction\":[{\"@type\":\"SearchAction\",\"target\":{\"@type\":\"EntryPoint\",\"urlTemplate\":\"https:\/\/dalosdent.hu\/?s={search_term_string}\"},\"query-input\":{\"@type\":\"PropertyValueSpecification\",\"valueRequired\":true,\"valueName\":\"search_term_string\"}}],\"inLanguage\":\"en-GB\"},{\"@type\":\"Organization\",\"@id\":\"https:\/\/dalosdent.hu\/#organization\",\"name\":\"DalosDent Fog\u00e1szat\",\"url\":\"https:\/\/dalosdent.hu\/\",\"logo\":{\"@type\":\"ImageObject\",\"inLanguage\":\"en-GB\",\"@id\":\"https:\/\/dalosdent.hu\/#\/schema\/logo\/image\/\",\"url\":\"https:\/\/dalosdent.hu\/wp-content\/uploads\/2022\/05\/cropped-cropped-Dalosdent.hu-logo-4.png\",\"contentUrl\":\"https:\/\/dalosdent.hu\/wp-content\/uploads\/2022\/05\/cropped-cropped-Dalosdent.hu-logo-4.png\",\"width\":512,\"height\":512,\"caption\":\"DalosDent Fog\u00e1szat\"},\"image\":{\"@id\":\"https:\/\/dalosdent.hu\/#\/schema\/logo\/image\/\"},\"sameAs\":[\"https:\/\/www.facebook.com\/dalosdent\"]}]}<\/script>\n<!-- \/ Yoast SEO Premium plugin. -->","yoast_head_json":{"title":"Fog\u00e1szati kv\u00edz - DalosDent","robots":{"index":"index","follow":"follow","max-snippet":"max-snippet:-1","max-image-preview":"max-image-preview:large","max-video-preview":"max-video-preview:-1"},"canonical":"https:\/\/dalosdent.hu\/en\/fogaszati-kviz","og_locale":"en_GB","og_type":"article","og_title":"Fog\u00e1szati kv\u00edz","og_description":"T\u00f6ltsd ki az 1 perces fog\u00e1szati kv\u00edzt, \u00e9s szem\u00e9lyre szabott javaslatot kapsz! Ahhoz, hogy megmondhassuk, melyik fog\u00e1szati kezel\u00e9s lenne sz\u00e1modra a legjobb d\u00f6nt\u00e9s, el\u0151bb ismern\u00fcnk kell p\u00e1r r\u00e9szletet r\u00f3lad. &#x1f642;","og_url":"https:\/\/dalosdent.hu\/en\/fogaszati-kviz","og_site_name":"DalosDent","article_publisher":"https:\/\/www.facebook.com\/dalosdent","article_modified_time":"2026-03-12T05:17:59+00:00","og_image":[{"width":700,"height":400,"url":"https:\/\/dalosdent.hu\/wp-content\/uploads\/2022\/07\/Fogpotlas-a-DalosDentnel.jpg","type":"image\/jpeg"}],"twitter_card":"summary_large_image","twitter_misc":{"Estimated reading time":"1 minute"},"schema":{"@context":"https:\/\/schema.org","@graph":[{"@type":"WebPage","@id":"https:\/\/dalosdent.hu\/fogaszati-kviz","url":"https:\/\/dalosdent.hu\/fogaszati-kviz","name":"Fog\u00e1szati kv\u00edz - DalosDent","isPartOf":{"@id":"https:\/\/dalosdent.hu\/#website"},"datePublished":"2026-03-03T09:29:32+00:00","dateModified":"2026-03-12T05:17:59+00:00","breadcrumb":{"@id":"https:\/\/dalosdent.hu\/fogaszati-kviz#breadcrumb"},"inLanguage":"en-GB","potentialAction":[{"@type":"ReadAction","target":["https:\/\/dalosdent.hu\/fogaszati-kviz"]}]},{"@type":"BreadcrumbList","@id":"https:\/\/dalosdent.hu\/fogaszati-kviz#breadcrumb","itemListElement":[{"@type":"ListItem","position":1,"name":"Home","item":"https:\/\/dalosdent.hu\/"},{"@type":"ListItem","position":2,"name":"Fog\u00e1szati kv\u00edz"}]},{"@type":"WebSite","@id":"https:\/\/dalosdent.hu\/#website","url":"https:\/\/dalosdent.hu\/","name":"DalosDent Fog\u00e1szat","description":"Teljes k\u00f6r\u0171 fog\u00e1szati kezel\u00e9s a Hegyvid\u00e9k sz\u00edv\u00e9ben","publisher":{"@id":"https:\/\/dalosdent.hu\/#organization"},"alternateName":"Fogaszat","potentialAction":[{"@type":"SearchAction","target":{"@type":"EntryPoint","urlTemplate":"https:\/\/dalosdent.hu\/?s={search_term_string}"},"query-input":{"@type":"PropertyValueSpecification","valueRequired":true,"valueName":"search_term_string"}}],"inLanguage":"en-GB"},{"@type":"Organization","@id":"https:\/\/dalosdent.hu\/#organization","name":"DalosDent Fog\u00e1szat","url":"https:\/\/dalosdent.hu\/","logo":{"@type":"ImageObject","inLanguage":"en-GB","@id":"https:\/\/dalosdent.hu\/#\/schema\/logo\/image\/","url":"https:\/\/dalosdent.hu\/wp-content\/uploads\/2022\/05\/cropped-cropped-Dalosdent.hu-logo-4.png","contentUrl":"https:\/\/dalosdent.hu\/wp-content\/uploads\/2022\/05\/cropped-cropped-Dalosdent.hu-logo-4.png","width":512,"height":512,"caption":"DalosDent Fog\u00e1szat"},"image":{"@id":"https:\/\/dalosdent.hu\/#\/schema\/logo\/image\/"},"sameAs":["https:\/\/www.facebook.com\/dalosdent"]}]}},"_links":{"self":[{"href":"https:\/\/dalosdent.hu\/en\/wp-json\/wp\/v2\/pages\/9723","targetHints":{"allow":["GET"]}}],"collection":[{"href":"https:\/\/dalosdent.hu\/en\/wp-json\/wp\/v2\/pages"}],"about":[{"href":"https:\/\/dalosdent.hu\/en\/wp-json\/wp\/v2\/types\/page"}],"author":[{"embeddable":true,"href":"https:\/\/dalosdent.hu\/en\/wp-json\/wp\/v2\/users\/8"}],"replies":[{"embeddable":true,"href":"https:\/\/dalosdent.hu\/en\/wp-json\/wp\/v2\/comments?post=9723"}],"version-history":[{"count":30,"href":"https:\/\/dalosdent.hu\/en\/wp-json\/wp\/v2\/pages\/9723\/revisions"}],"predecessor-version":[{"id":9779,"href":"https:\/\/dalosdent.hu\/en\/wp-json\/wp\/v2\/pages\/9723\/revisions\/9779"}],"wp:attachment":[{"href":"https:\/\/dalosdent.hu\/en\/wp-json\/wp\/v2\/media?parent=9723"}],"curies":[{"name":"wp","href":"https:\/\/api.w.org\/{rel}","templated":true}]}}